{"id":16347,"date":"2022-09-29T05:27:14","date_gmt":"2022-09-29T05:27:14","guid":{"rendered":"https:\/\/osbeaufort.sigi.website\/sozialhilfe\/aufgaben-des-sozialamtes\/"},"modified":"2024-01-23T11:59:52","modified_gmt":"2024-01-23T10:59:52","slug":"aufgaben-des-sozialamtes","status":"publish","type":"page","link":"https:\/\/officesocial-beaufort.lu\/de\/sozialhilfe\/aufgaben-des-sozialamtes\/","title":{"rendered":"Aufgaben des Sozialamtes"},"content":{"rendered":"<p>[et_pb_section fb_built=&#8220;1&#8243; _builder_version=&#8220;4.17.3&#8243; _module_preset=&#8220;default&#8220; global_colors_info=&#8220;{}&#8220; theme_builder_area=&#8220;post_content&#8220;][et_pb_row _builder_version=&#8220;4.17.3&#8243; _module_preset=&#8220;default&#8220; global_colors_info=&#8220;{}&#8220; theme_builder_area=&#8220;post_content&#8220;][et_pb_column type=&#8220;4_4&#8243; _builder_version=&#8220;4.17.3&#8243; _module_preset=&#8220;default&#8220; global_colors_info=&#8220;{}&#8220; theme_builder_area=&#8220;post_content&#8220;][et_pb_text _builder_version=&#8220;4.17.3&#8243; _module_preset=&#8220;default&#8220; background_color=&#8220;#F7F6FC&#8220; custom_padding=&#8220;20px|20px|20px|20px|false|false&#8220; global_colors_info=&#8220;{}&#8220; theme_builder_area=&#8220;post_content&#8220;]<\/p>\n<p>Jede vollj\u00e4hrige Person, die ein Aufenthaltsrecht in Luxemburg besitzt und in einer der f\u00fcnf Gemeinden (Beaufort, Berdorf, Bech, Reisdorf, Consdorf) angemeldet ist, kann sich per Telefon oder Email an das Sozialamt in Beaufort wenden um einen Termin auszumachen.<\/p>\n<p><strong>Das Sozialamt kann auf sehr verschiedene Art und Weisen helfen:<\/strong><\/p>\n<p>&nbsp;<\/p>\n<ul>\n<li><strong>Hilfe beim Zugang<\/strong>\u00a0zu rechtlichen Leistungen sowie finanzieller bzw. materieller Hilfe (Revis, Tiers payant social, verschiedene Beihilfen, Buttek\u2026)<\/li>\n<li><strong>Unterst\u00fctzung bei sozialen Problemen<\/strong>, die alle Altersklassen betreffen k\u00f6nnen,<\/li>\n<li>soziale, psychologische, finanzielle, administrative und p\u00e4dagogische\u00a0<strong>Beratung<\/strong>,<\/li>\n<li><strong>Informationen<\/strong>\u00a0zu allen bestehenden Unterst\u00fctzungsdiensten und Leistungen,<\/li>\n<li>Orientierungshilfen und Begleitung von Hilfesuchenden mit Blick auf erg\u00e4nzende Diensten<\/li>\n<li><strong>Vermittlung<\/strong>\u00a0im Gespr\u00e4ch mit Dritten (Verb\u00e4nde, Anw\u00e4lte, Gerichtsvollzieher\u2026)<\/li>\n<li>kurz-, mittel- und langfristige\u00a0<strong>soziale Unterst\u00fctzung<\/strong>,<\/li>\n<li>Hilfe beim\u00a0<strong>Aufstellen eines Finanzplans<\/strong>,<\/li>\n<li><strong>erste Ma\u00dfnahmen in sozialen Notlagen<\/strong>.<\/li>\n<\/ul>\n<p>[\/et_pb_text][\/et_pb_column][\/et_pb_row][\/et_pb_section]<\/p>\n","protected":false},"excerpt":{"rendered":"<p>Jede vollj\u00e4hrige Person, die ein Aufenthaltsrecht in Luxemburg besitzt und in einer der f\u00fcnf Gemeinden (Beaufort, Berdorf, Bech, Reisdorf, Consdorf) angemeldet ist, kann sich per Telefon oder Email an das Sozialamt in Beaufort wenden um einen Termin auszumachen. Das Sozialamt kann auf sehr verschiedene Art und Weisen helfen: &nbsp; Hilfe beim Zugang\u00a0zu rechtlichen Leistungen sowie [&hellip;]<\/p>\n","protected":false},"author":1,"featured_media":0,"parent":16204,"menu_order":0,"comment_status":"closed","ping_status":"closed","template":"","meta":{"_et_pb_use_builder":"on","_et_pb_old_content":"","_et_gb_content_width":"","_lmt_disableupdate":"","_lmt_disable":"","footnotes":""},"class_list":["post-16347","page","type-page","status-publish","hentry"],"yoast_head":"<!-- This site is optimized with the Yoast SEO plugin v27.5 - https:\/\/yoast.com\/product\/yoast-seo-wordpress\/ -->\n<title>Aufgaben des Sozialamtes - OS Beaufort<\/title>\n<meta name=\"robots\" content=\"index, follow, max-snippet:-1, max-image-preview:large, max-video-preview:-1\" \/>\n<link rel=\"canonical\" href=\"https:\/\/officesocial-beaufort.lu\/de\/sozialhilfe\/aufgaben-des-sozialamtes\/\" \/>\n<meta property=\"og:locale\" content=\"de_DE\" \/>\n<meta property=\"og:type\" content=\"article\" \/>\n<meta property=\"og:title\" content=\"Aufgaben des Sozialamtes - OS Beaufort\" \/>\n<meta property=\"og:description\" content=\"Jede vollj\u00e4hrige Person, die ein Aufenthaltsrecht in Luxemburg besitzt und in einer der f\u00fcnf Gemeinden (Beaufort, Berdorf, Bech, Reisdorf, Consdorf) angemeldet ist, kann sich per Telefon oder Email an das Sozialamt in Beaufort wenden um einen Termin auszumachen. Das Sozialamt kann auf sehr verschiedene Art und Weisen helfen: &nbsp; Hilfe beim Zugang\u00a0zu rechtlichen Leistungen sowie [&hellip;]\" \/>\n<meta property=\"og:url\" content=\"https:\/\/officesocial-beaufort.lu\/de\/sozialhilfe\/aufgaben-des-sozialamtes\/\" \/>\n<meta property=\"og:site_name\" content=\"OS Beaufort\" \/>\n<meta property=\"article:modified_time\" content=\"2024-01-23T10:59:52+00:00\" \/>\n<meta name=\"twitter:card\" content=\"summary_large_image\" \/>\n<meta name=\"twitter:label1\" content=\"Gesch\u00e4tzte Lesezeit\" \/>\n\t<meta name=\"twitter:data1\" content=\"1\u00a0Minute\" \/>\n<script type=\"application\/ld+json\" class=\"yoast-schema-graph\">{\"@context\":\"https:\\\/\\\/schema.org\",\"@graph\":[{\"@type\":\"WebPage\",\"@id\":\"https:\\\/\\\/officesocial-beaufort.lu\\\/de\\\/sozialhilfe\\\/aufgaben-des-sozialamtes\\\/\",\"url\":\"https:\\\/\\\/officesocial-beaufort.lu\\\/de\\\/sozialhilfe\\\/aufgaben-des-sozialamtes\\\/\",\"name\":\"Aufgaben des Sozialamtes - OS Beaufort\",\"isPartOf\":{\"@id\":\"https:\\\/\\\/officesocial-beaufort.lu\\\/de\\\/#website\"},\"datePublished\":\"2022-09-29T05:27:14+00:00\",\"dateModified\":\"2024-01-23T10:59:52+00:00\",\"breadcrumb\":{\"@id\":\"https:\\\/\\\/officesocial-beaufort.lu\\\/de\\\/sozialhilfe\\\/aufgaben-des-sozialamtes\\\/#breadcrumb\"},\"inLanguage\":\"de\",\"potentialAction\":[{\"@type\":\"ReadAction\",\"target\":[\"https:\\\/\\\/officesocial-beaufort.lu\\\/de\\\/sozialhilfe\\\/aufgaben-des-sozialamtes\\\/\"]}]},{\"@type\":\"BreadcrumbList\",\"@id\":\"https:\\\/\\\/officesocial-beaufort.lu\\\/de\\\/sozialhilfe\\\/aufgaben-des-sozialamtes\\\/#breadcrumb\",\"itemListElement\":[{\"@type\":\"ListItem\",\"position\":1,\"name\":\"Accueil\",\"item\":\"https:\\\/\\\/officesocial-beaufort.lu\\\/de\\\/\"},{\"@type\":\"ListItem\",\"position\":2,\"name\":\"Sozialhilfe\",\"item\":\"https:\\\/\\\/officesocial-beaufort.lu\\\/de\\\/mission-de-loffice-social\\\/\"},{\"@type\":\"ListItem\",\"position\":3,\"name\":\"Aufgaben des Sozialamtes\"}]},{\"@type\":\"WebSite\",\"@id\":\"https:\\\/\\\/officesocial-beaufort.lu\\\/de\\\/#website\",\"url\":\"https:\\\/\\\/officesocial-beaufort.lu\\\/de\\\/\",\"name\":\"OS Beaufort\",\"description\":\"Office Social R\u00e9gional des Communes de Beaufort, Bech, Berdorf, Consdorf, Reisdorf\",\"potentialAction\":[{\"@type\":\"SearchAction\",\"target\":{\"@type\":\"EntryPoint\",\"urlTemplate\":\"https:\\\/\\\/officesocial-beaufort.lu\\\/de\\\/?s={search_term_string}\"},\"query-input\":{\"@type\":\"PropertyValueSpecification\",\"valueRequired\":true,\"valueName\":\"search_term_string\"}}],\"inLanguage\":\"de\"}]}<\/script>\n<!-- \/ Yoast SEO plugin. -->","yoast_head_json":{"title":"Aufgaben des Sozialamtes - OS Beaufort","robots":{"index":"index","follow":"follow","max-snippet":"max-snippet:-1","max-image-preview":"max-image-preview:large","max-video-preview":"max-video-preview:-1"},"canonical":"https:\/\/officesocial-beaufort.lu\/de\/sozialhilfe\/aufgaben-des-sozialamtes\/","og_locale":"de_DE","og_type":"article","og_title":"Aufgaben des Sozialamtes - OS Beaufort","og_description":"Jede vollj\u00e4hrige Person, die ein Aufenthaltsrecht in Luxemburg besitzt und in einer der f\u00fcnf Gemeinden (Beaufort, Berdorf, Bech, Reisdorf, Consdorf) angemeldet ist, kann sich per Telefon oder Email an das Sozialamt in Beaufort wenden um einen Termin auszumachen. Das Sozialamt kann auf sehr verschiedene Art und Weisen helfen: &nbsp; Hilfe beim Zugang\u00a0zu rechtlichen Leistungen sowie [&hellip;]","og_url":"https:\/\/officesocial-beaufort.lu\/de\/sozialhilfe\/aufgaben-des-sozialamtes\/","og_site_name":"OS Beaufort","article_modified_time":"2024-01-23T10:59:52+00:00","twitter_card":"summary_large_image","twitter_misc":{"Gesch\u00e4tzte Lesezeit":"1\u00a0Minute"},"schema":{"@context":"https:\/\/schema.org","@graph":[{"@type":"WebPage","@id":"https:\/\/officesocial-beaufort.lu\/de\/sozialhilfe\/aufgaben-des-sozialamtes\/","url":"https:\/\/officesocial-beaufort.lu\/de\/sozialhilfe\/aufgaben-des-sozialamtes\/","name":"Aufgaben des Sozialamtes - OS Beaufort","isPartOf":{"@id":"https:\/\/officesocial-beaufort.lu\/de\/#website"},"datePublished":"2022-09-29T05:27:14+00:00","dateModified":"2024-01-23T10:59:52+00:00","breadcrumb":{"@id":"https:\/\/officesocial-beaufort.lu\/de\/sozialhilfe\/aufgaben-des-sozialamtes\/#breadcrumb"},"inLanguage":"de","potentialAction":[{"@type":"ReadAction","target":["https:\/\/officesocial-beaufort.lu\/de\/sozialhilfe\/aufgaben-des-sozialamtes\/"]}]},{"@type":"BreadcrumbList","@id":"https:\/\/officesocial-beaufort.lu\/de\/sozialhilfe\/aufgaben-des-sozialamtes\/#breadcrumb","itemListElement":[{"@type":"ListItem","position":1,"name":"Accueil","item":"https:\/\/officesocial-beaufort.lu\/de\/"},{"@type":"ListItem","position":2,"name":"Sozialhilfe","item":"https:\/\/officesocial-beaufort.lu\/de\/mission-de-loffice-social\/"},{"@type":"ListItem","position":3,"name":"Aufgaben des Sozialamtes"}]},{"@type":"WebSite","@id":"https:\/\/officesocial-beaufort.lu\/de\/#website","url":"https:\/\/officesocial-beaufort.lu\/de\/","name":"OS Beaufort","description":"Office Social R\u00e9gional des Communes de Beaufort, Bech, Berdorf, Consdorf, Reisdorf","potentialAction":[{"@type":"SearchAction","target":{"@type":"EntryPoint","urlTemplate":"https:\/\/officesocial-beaufort.lu\/de\/?s={search_term_string}"},"query-input":{"@type":"PropertyValueSpecification","valueRequired":true,"valueName":"search_term_string"}}],"inLanguage":"de"}]}},"publishpress_future_action":{"enabled":false,"date":"2026-05-06 23:08:33","action":"change-status","newStatus":"draft","terms":[],"taxonomy":"translation_priority","extraData":[]},"publishpress_future_workflow_manual_trigger":{"enabledWorkflows":[]},"_links":{"self":[{"href":"https:\/\/officesocial-beaufort.lu\/de\/wp-json\/wp\/v2\/pages\/16347","targetHints":{"allow":["GET"]}}],"collection":[{"href":"https:\/\/officesocial-beaufort.lu\/de\/wp-json\/wp\/v2\/pages"}],"about":[{"href":"https:\/\/officesocial-beaufort.lu\/de\/wp-json\/wp\/v2\/types\/page"}],"author":[{"embeddable":true,"href":"https:\/\/officesocial-beaufort.lu\/de\/wp-json\/wp\/v2\/users\/1"}],"replies":[{"embeddable":true,"href":"https:\/\/officesocial-beaufort.lu\/de\/wp-json\/wp\/v2\/comments?post=16347"}],"version-history":[{"count":5,"href":"https:\/\/officesocial-beaufort.lu\/de\/wp-json\/wp\/v2\/pages\/16347\/revisions"}],"predecessor-version":[{"id":16841,"href":"https:\/\/officesocial-beaufort.lu\/de\/wp-json\/wp\/v2\/pages\/16347\/revisions\/16841"}],"up":[{"embeddable":true,"href":"https:\/\/officesocial-beaufort.lu\/de\/wp-json\/wp\/v2\/pages\/16204"}],"wp:attachment":[{"href":"https:\/\/officesocial-beaufort.lu\/de\/wp-json\/wp\/v2\/media?parent=16347"}],"curies":[{"name":"wp","href":"https:\/\/api.w.org\/{rel}","templated":true}]}}